{"id":14,"date":"2023-03-22T17:59:47","date_gmt":"2023-03-22T16:59:47","guid":{"rendered":"https:\/\/www.reseau-psyexpat.com\/colloque\/?page_id=14"},"modified":"2023-07-17T16:42:49","modified_gmt":"2023-07-17T14:42:49","slug":"accueil","status":"publish","type":"page","link":"https:\/\/www.reseau-psyexpat.com\/colloque\/","title":{"rendered":"ACCUEIL"},"content":{"rendered":"\n<style type=\"text\/css\" data-created_by=\"avia_inline_auto\" id=\"style-css-av-dkrue-b37839b9b34cadcc8832f5729427c5c7\">\n.avia-section.av-dkrue-b37839b9b34cadcc8832f5729427c5c7{\nbackground-color:#364152;\nbackground-image:url(https:\/\/www.reseau-psyexpat.com\/colloque\/wp-content\/uploads\/2023\/03\/banderau-colloque-psyexpat.jpg);\nbackground-repeat:no-repeat;\nbackground-position:50% 50%;\nbackground-attachment:scroll;\nposition:relative;\n}\n.avia-section.av-dkrue-b37839b9b34cadcc8832f5729427c5c7 .av-section-color-overlay{\nopacity:0.5;\nbackground-image:url(https:\/\/www.reseau-psyexpat.com\/colloque\/wp-content\/themes\/enfold\/images\/background-images\/grunge-big-dark.png);\nbackground-repeat:repeat;\n}\n.avia-section.av-dkrue-b37839b9b34cadcc8832f5729427c5c7 .avia-divider-svg-bottom svg{\nheight:63px;\nopacity:1;\nwidth:calc(246% + 1.3px);\nfill:#ffffff;\n}\n<\/style>\n<div id='av_section_1'  class='avia-section av-dkrue-b37839b9b34cadcc8832f5729427c5c7 main_color avia-section-default avia-no-border-styling  avia-builder-el-0  el_before_av_section  avia-builder-el-first  avia-full-stretch avia-bg-style-scroll av-section-color-overlay-active av-minimum-height av-minimum-height-50  container_wrap sidebar_right'  data-section-bg-repeat='stretch' data-av_minimum_height_pc='50'><div class='avia-divider-svg avia-divider-svg-waves avia-divider-svg-bottom avia-to-front avia-svg-original'><svg xmlns=\"http:\/\/www.w3.org\/2000\/svg\" viewBox=\"0 0 1000 100\" preserveAspectRatio=\"none\">\n\t<path d=\"M421.9,6.5c22.6-2.5,51.5,0.4,75.5,5.3c23.6,4.9,70.9,23.5,100.5,35.7c75.8,32.2,133.7,44.5,192.6,49.7\n\tc23.6,2.1,48.7,3.5,103.4-2.5c54.7-6,106.2-25.6,106.2-25.6V0H0v30.3c0,0,72,32.6,158.4,30.5c39.2-0.7,92.8-6.7,134-22.4\n\tc21.2-8.1,52.2-18.2,79.7-24.2C399.3,7.9,411.6,7.5,421.9,6.5z\"\/>\n<\/svg><\/div><div class=\"av-section-color-overlay-wrap\"><div class=\"av-section-color-overlay\"><\/div><div class='container av-section-cont-open' ><main  role=\"main\" itemprop=\"mainContentOfPage\"  class='template-page content  av-content-small alpha units'><div class='post-entry post-entry-type-page post-entry-14'><div class='entry-content-wrapper clearfix'>\n<div class='flex_column av-btwyi-765ccafbe556b74d9bad825e34701452 av_one_fifth  avia-builder-el-1  el_before_av_three_fifth  avia-builder-el-first  first flex_column_div '     ><\/div><div class='flex_column av-d2g9y-ac2a862f353fe20e7b8d23bc9fdac979 av_three_fifth  avia-builder-el-2  el_after_av_one_fifth  el_before_av_one_fifth  flex_column_div '     ><p>\n<style type=\"text\/css\" data-created_by=\"avia_inline_auto\" id=\"style-css-av-32zay-082a84c36f6568ef0036decafa9cb737\">\n#top .av-special-heading.av-32zay-082a84c36f6568ef0036decafa9cb737{\npadding-bottom:10px;\ncolor:#364152;\n}\nbody .av-special-heading.av-32zay-082a84c36f6568ef0036decafa9cb737 .av-special-heading-tag .heading-char{\nfont-size:25px;\n}\n.av-special-heading.av-32zay-082a84c36f6568ef0036decafa9cb737 .special-heading-inner-border{\nborder-color:#364152;\n}\n.av-special-heading.av-32zay-082a84c36f6568ef0036decafa9cb737 .av-subheading{\nfont-size:28px;\ncolor:#fec700;\n}\n<\/style>\n<div  class='av-special-heading av-32zay-082a84c36f6568ef0036decafa9cb737 av-special-heading-h1 custom-color-heading blockquote modern-quote modern-centered  avia-builder-el-3  el_before_av_button  avia-builder-el-first '><div class='av_custom_color av-subheading av-subheading_above'><p>5\u00e8me rencontre  | 8 juillet 2023<\/p>\n<\/div><h1 class='av-special-heading-tag'  itemprop=\"headline\"  >L\u2019expatriation au d\u00e9fi de l\u2019immobilit\u00e9<\/h1><div class=\"special-heading-border\"><div class=\"special-heading-inner-border\"><\/div><\/div><\/div><br \/>\n<div  class='avia-button-wrap av-lfqmg0d0-598dbd8d931dd76208fc9a186937b88c-wrap avia-button-center  avia-builder-el-4  el_after_av_heading  avia-builder-el-last '>\n<style type=\"text\/css\" data-created_by=\"avia_inline_auto\" id=\"style-css-av-lfqmg0d0-598dbd8d931dd76208fc9a186937b88c\">\n#top #wrap_all .avia-button.av-lfqmg0d0-598dbd8d931dd76208fc9a186937b88c{\nfont-size:18px;\nbackground-color:#f7c727;\nborder-color:#0a0a0a;\ncolor:#1e1e1e;\nborder-style:solid;\nborder-width:2px 2px 2px 2px;\nbox-shadow: 3px 3px 0px 0px ;\n-webkit-transition:all 0.4s ease-in-out;\n-moz-transition:all 0.4s ease-in-out;\n-ms-transition:all 0.4s ease-in-out;\n-o-transition:all 0.4s ease-in-out;\ntransition:all 0.4s ease-in-out;\n}\n<\/style>\n<a href='https:\/\/www.reseau-psyexpat.com\/colloque\/replays\/'  class='avia-button av-lfqmg0d0-598dbd8d931dd76208fc9a186937b88c avia-icon_select-no avia-size-large avia-position-center'  ><span class='avia_iconbox_title' >Acc\u00e8s aux replays<\/span><\/a><\/div><\/p><\/div><div class='flex_column av-2ku52-cc8bfb055910379e16d52a35e05c5a93 av_one_fifth  avia-builder-el-5  el_after_av_three_fifth  avia-builder-el-last  flex_column_div '     ><\/div><\/div><\/div><\/main><!-- close content main element --><\/div><\/div><\/div>\n<style type=\"text\/css\" data-created_by=\"avia_inline_auto\" id=\"style-css-av-9twwm-b6fea29d32729c3620ade19f05d8223a\">\n.avia-section.av-9twwm-b6fea29d32729c3620ade19f05d8223a{\nbackground-color:rgba(255,248,234,0.76);\nbackground:linear-gradient( to top, rgba(255,248,234,0.76), rgba(255,248,234,0.3), #ffffff );\nposition:relative;\n}\n.avia-section.av-9twwm-b6fea29d32729c3620ade19f05d8223a .avia-divider-svg-bottom svg{\nheight:50px;\nwidth:calc(287% + 1.3px);\nfill:#ffffff;\n}\n<\/style>\n<div id='av_section_2'  class='avia-section av-9twwm-b6fea29d32729c3620ade19f05d8223a main_color avia-section-default avia-no-border-styling  avia-builder-el-6  el_after_av_section  el_before_av_section  avia-bg-style-scroll container_wrap sidebar_right'  ><div class='avia-divider-svg avia-divider-svg-waves avia-divider-svg-bottom avia-svg-original'><svg xmlns=\"http:\/\/www.w3.org\/2000\/svg\" viewBox=\"0 0 1000 100\" preserveAspectRatio=\"none\">\n\t<path d=\"M421.9,6.5c22.6-2.5,51.5,0.4,75.5,5.3c23.6,4.9,70.9,23.5,100.5,35.7c75.8,32.2,133.7,44.5,192.6,49.7\n\tc23.6,2.1,48.7,3.5,103.4-2.5c54.7-6,106.2-25.6,106.2-25.6V0H0v30.3c0,0,72,32.6,158.4,30.5c39.2-0.7,92.8-6.7,134-22.4\n\tc21.2-8.1,52.2-18.2,79.7-24.2C399.3,7.9,411.6,7.5,421.9,6.5z\"\/>\n<\/svg><\/div><div class='container av-section-cont-open' ><div class='template-page content  av-content-small alpha units'><div class='post-entry post-entry-type-page post-entry-14'><div class='entry-content-wrapper clearfix'>\n<div class='flex_column_table av-7w8hu-b2124e712e61f1c77e9210db84f2faba sc-av_three_fifth av-equal-height-column-flextable'>\n<style type=\"text\/css\" data-created_by=\"avia_inline_auto\" id=\"style-css-av-7w8hu-b2124e712e61f1c77e9210db84f2faba\">\n.flex_column.av-7w8hu-b2124e712e61f1c77e9210db84f2faba{\npadding:30px 30px 30px 30px;\n}\n<\/style>\n<div class='flex_column av-7w8hu-b2124e712e61f1c77e9210db84f2faba av_three_fifth  avia-builder-el-7  el_before_av_two_fifth  avia-builder-el-first  first no_margin flex_column_table_cell av-equal-height-column av-align-middle '     ><p>\n<style type=\"text\/css\" data-created_by=\"avia_inline_auto\" id=\"style-css-av-264fm-cd73f57981deb2336adcb073a65b8772\">\n#top .av-special-heading.av-264fm-cd73f57981deb2336adcb073a65b8772{\npadding-bottom:10px;\ncolor:#364152;\n}\nbody .av-special-heading.av-264fm-cd73f57981deb2336adcb073a65b8772 .av-special-heading-tag .heading-char{\nfont-size:25px;\n}\n.av-special-heading.av-264fm-cd73f57981deb2336adcb073a65b8772 .special-heading-inner-border{\nborder-color:#364152;\n}\n.av-special-heading.av-264fm-cd73f57981deb2336adcb073a65b8772 .av-subheading{\nfont-size:28px;\ncolor:#fec700;\n}\n<\/style>\n<div  class='av-special-heading av-264fm-cd73f57981deb2336adcb073a65b8772 av-special-heading-h2 custom-color-heading blockquote modern-quote  avia-builder-el-8  el_before_av_textblock  avia-builder-el-first '><div class='av_custom_color av-subheading av-subheading_above'><p>L\u2019expatriation au d\u00e9fi de l\u2019immobilit\u00e9<\/p>\n<\/div><h2 class='av-special-heading-tag'  itemprop=\"headline\"  >Pr\u00e9sentation<\/h2><div class=\"special-heading-border\"><div class=\"special-heading-inner-border\"><\/div><\/div><\/div><br \/>\n<section  class='av_textblock_section av-7gngm-ffac43620e0bd94b6deaaed36e1fd6f2'  itemscope=\"itemscope\" itemtype=\"https:\/\/schema.org\/CreativeWork\" ><div class='avia_textblock'  itemprop=\"text\" ><blockquote>\n<p><span style=\"font-weight: 500;\">La mobilit\u00e9 des expatri\u00e9s \u00e0 l\u2019\u00e9preuve de l\u2019immobilit\u00e9 :<br \/>\npenser l\u2019impact des contraintes de crise(s).<\/span><\/p>\n<\/blockquote>\n<p><strong><i>Journ\u00e9e d&rsquo;\u00e9changes (pr\u00e9sentiel\/distanciel\/replay) centr\u00e9e autour de la clinique, organis\u00e9e en deux volets :\u00a0<\/i><\/strong><\/p>\n<p><span style=\"font-weight: 500;\">le v\u00e9cu de l\u2019expatri\u00e9 et de sa famille (selon les r\u00e9gions, les \u00e2ges, les probl\u00e9matiques, v\u00e9cu subjectif de l\u2019immobilit\u00e9, cons\u00e9quences sur les dynamiques familiales, suites du confinement, r\u00e9installations en France etc.) et les effets des contraintes sanitaires sur les dispositifs th\u00e9rapeutiques (v\u00e9cu partag\u00e9 du confinement, adaptation du cadre, dispositif th\u00e9rapeutique en ligne, continuit\u00e9 et modification des liens patient-psy, etc.).<\/span><\/p>\n<p style=\"text-align: justify;\"><br style=\"font-weight: 400;\" \/><br style=\"font-weight: 400;\" \/><\/p>\n<\/div><\/section><\/p><\/div><div class='flex_column av-1hnc6-c8715ed5df54306348f20126171296db av_two_fifth  avia-builder-el-10  el_after_av_three_fifth  avia-builder-el-last  no_margin flex_column_table_cell av-equal-height-column av-align-middle '     ><style type=\"text\/css\" data-created_by=\"avia_inline_auto\" id=\"style-css-av-lfqlzr4c-f52482eb228069dbd0dd8e5fb2ae9199\">\n.avia-image-container.av-lfqlzr4c-f52482eb228069dbd0dd8e5fb2ae9199 img.avia_image{\nbox-shadow:none;\n}\n.avia-image-container.av-lfqlzr4c-f52482eb228069dbd0dd8e5fb2ae9199 .av-image-caption-overlay-center{\ncolor:#ffffff;\n}\n<\/style>\n<div  class='avia-image-container av-lfqlzr4c-f52482eb228069dbd0dd8e5fb2ae9199 av-styling- avia-align-center  avia-builder-el-11  avia-builder-el-no-sibling '   itemprop=\"image\" itemscope=\"itemscope\" itemtype=\"https:\/\/schema.org\/ImageObject\" ><div class=\"avia-image-container-inner\"><div class=\"avia-image-overlay-wrap\"><img decoding=\"async\" class='wp-image-118 avia-img-lazy-loading-not-118 avia_image ' src=\"https:\/\/www.reseau-psyexpat.com\/colloque\/wp-content\/uploads\/2023\/04\/affiche-psy-expat-colloque-060423.jpg\" alt='' title='affiche psy expat colloque 060423'  height=\"1755\" width=\"1241\"  itemprop=\"thumbnailUrl\" srcset=\"https:\/\/www.reseau-psyexpat.com\/colloque\/wp-content\/uploads\/2023\/04\/affiche-psy-expat-colloque-060423.jpg 1241w, https:\/\/www.reseau-psyexpat.com\/colloque\/wp-content\/uploads\/2023\/04\/affiche-psy-expat-colloque-060423-212x300.jpg 212w, https:\/\/www.reseau-psyexpat.com\/colloque\/wp-content\/uploads\/2023\/04\/affiche-psy-expat-colloque-060423-728x1030.jpg 728w, https:\/\/www.reseau-psyexpat.com\/colloque\/wp-content\/uploads\/2023\/04\/affiche-psy-expat-colloque-060423-768x1086.jpg 768w, https:\/\/www.reseau-psyexpat.com\/colloque\/wp-content\/uploads\/2023\/04\/affiche-psy-expat-colloque-060423-1086x1536.jpg 1086w, https:\/\/www.reseau-psyexpat.com\/colloque\/wp-content\/uploads\/2023\/04\/affiche-psy-expat-colloque-060423-1061x1500.jpg 1061w, https:\/\/www.reseau-psyexpat.com\/colloque\/wp-content\/uploads\/2023\/04\/affiche-psy-expat-colloque-060423-499x705.jpg 499w\" sizes=\"(max-width: 1241px) 100vw, 1241px\" \/><\/div><\/div><\/div><\/div><\/div><!--close column table wrapper. Autoclose: 1 -->\n<\/p>\n<\/div><\/div><\/div><!-- close content main div --><\/div><\/div><div id='av_section_3'  class='avia-section av-16pa2-5c2606fe9338d073fe6498db2b2ebe3e main_color avia-section-default avia-no-border-styling  avia-builder-el-12  el_after_av_section  avia-builder-el-last  avia-bg-style-scroll container_wrap sidebar_right'  ><div class='container av-section-cont-open' ><div class='template-page content  av-content-small alpha units'><div class='post-entry post-entry-type-page post-entry-14'><div class='entry-content-wrapper clearfix'>\n<div class='flex_column av-40bja-5a97748ab0527540c6f33ada3d4300e2 av_one_full  avia-builder-el-13  el_before_av_one_full  avia-builder-el-first  first flex_column_div avia-full-stretch '     ><style type=\"text\/css\" data-created_by=\"avia_inline_auto\" id=\"style-css-av-c99w2-a6be0ce7709666e19114886cd379424c\">\n#top .av-special-heading.av-c99w2-a6be0ce7709666e19114886cd379424c{\npadding-bottom:10px;\ncolor:#364152;\n}\nbody .av-special-heading.av-c99w2-a6be0ce7709666e19114886cd379424c .av-special-heading-tag .heading-char{\nfont-size:25px;\n}\n.av-special-heading.av-c99w2-a6be0ce7709666e19114886cd379424c .special-heading-inner-border{\nborder-color:#364152;\n}\n.av-special-heading.av-c99w2-a6be0ce7709666e19114886cd379424c .av-subheading{\nfont-size:28px;\ncolor:#fec700;\n}\n<\/style>\n<div  class='av-special-heading av-c99w2-a6be0ce7709666e19114886cd379424c av-special-heading-h2 custom-color-heading blockquote modern-quote modern-centered  avia-builder-el-14  avia-builder-el-no-sibling '><div class='av_custom_color av-subheading av-subheading_above'><p>5\u00e8me Rencontre<\/p>\n<\/div><h2 class='av-special-heading-tag'  itemprop=\"headline\"  >Acc\u00e8s<\/h2><div class=\"special-heading-border\"><div class=\"special-heading-inner-border\"><\/div><\/div><\/div><\/div><div class='flex_column_table av-39n4a-7e988b366046f4ce4e5616347aa3c3a9 sc-av_one_full av-equal-height-column-flextable'>\n<style type=\"text\/css\" data-created_by=\"avia_inline_auto\" id=\"style-css-av-39n4a-7e988b366046f4ce4e5616347aa3c3a9\">\n.flex_column.av-39n4a-7e988b366046f4ce4e5616347aa3c3a9{\npadding:30px 30px 30px 30px;\nheight:400px;\nbackground:url(https:\/\/www.reseau-psyexpat.com\/colloque\/wp-content\/uploads\/2023\/03\/paris-aerien-.jpg) 50% 50% no-repeat scroll ;\n}\n<\/style>\n<div class='flex_column av-39n4a-7e988b366046f4ce4e5616347aa3c3a9 av_one_full  avia-builder-el-15  el_after_av_one_full  el_before_av_one_half  first no_margin flex_column_table_cell av-equal-height-column av-align-middle avia-full-stretch column-top-margin'     ><\/div><\/div><!--close column table wrapper. Autoclose: 1 --><div class='flex_column_table av-lfqrqy21-1ef68aede59a7d9692a6750995464b9a sc-av_one_half av-equal-height-column-flextable'>\n<style type=\"text\/css\" data-created_by=\"avia_inline_auto\" id=\"style-css-av-lfqrqy21-1ef68aede59a7d9692a6750995464b9a\">\n#top .flex_column_table.av-equal-height-column-flextable.av-lfqrqy21-1ef68aede59a7d9692a6750995464b9a{\nmargin-top:0px;\nmargin-bottom:0px;\n}\n.flex_column.av-lfqrqy21-1ef68aede59a7d9692a6750995464b9a{\npadding:30px 30px 30px 30px;\nbackground-color:#606c91;\n}\n<\/style>\n<div class='flex_column av-lfqrqy21-1ef68aede59a7d9692a6750995464b9a av_one_half  avia-builder-el-16  el_after_av_one_full  el_before_av_one_half  first no_margin flex_column_table_cell av-equal-height-column av-align-middle column-top-margin'     ><style type=\"text\/css\" data-created_by=\"avia_inline_auto\" id=\"style-css-av-lfqrru8l-ec436a27e7d76ac6cc7127ab417faaa5\">\n#top .av-special-heading.av-lfqrru8l-ec436a27e7d76ac6cc7127ab417faaa5{\npadding-bottom:10px;\ncolor:#ffffff;\nfont-size:3vw;\n}\nbody .av-special-heading.av-lfqrru8l-ec436a27e7d76ac6cc7127ab417faaa5 .av-special-heading-tag .heading-char{\nfont-size:25px;\n}\n#top #wrap_all .av-special-heading.av-lfqrru8l-ec436a27e7d76ac6cc7127ab417faaa5 .av-special-heading-tag{\nfont-size:3vw;\n}\n.av-special-heading.av-lfqrru8l-ec436a27e7d76ac6cc7127ab417faaa5 .special-heading-inner-border{\nborder-color:#ffffff;\n}\n.av-special-heading.av-lfqrru8l-ec436a27e7d76ac6cc7127ab417faaa5 .av-subheading{\nfont-size:15px;\n}\n\n@media only screen and (min-width: 480px) and (max-width: 767px){ \n#top #wrap_all .av-special-heading.av-lfqrru8l-ec436a27e7d76ac6cc7127ab417faaa5 .av-special-heading-tag{\nfont-size:0.8em;\n}\n}\n\n@media only screen and (max-width: 479px){ \n#top #wrap_all .av-special-heading.av-lfqrru8l-ec436a27e7d76ac6cc7127ab417faaa5 .av-special-heading-tag{\nfont-size:0.8em;\n}\n}\n<\/style>\n<div  class='av-special-heading av-lfqrru8l-ec436a27e7d76ac6cc7127ab417faaa5 av-special-heading-h2 custom-color-heading blockquote modern-quote modern-centered  avia-builder-el-17  avia-builder-el-no-sibling  av-inherit-size'><div class='av_custom_color av-subheading av-subheading_above'><p>Facult\u00e9 de M\u00e9decine,<br \/>\n45 rue des Saints-P\u00e8res,<br \/>\n75006 &#8211; PARIS<\/p>\n<\/div><h2 class='av-special-heading-tag'  itemprop=\"headline\"  >ACC\u00c8S<\/h2><div class=\"special-heading-border\"><div class=\"special-heading-inner-border\"><\/div><\/div><\/div><\/div>\n<style type=\"text\/css\" data-created_by=\"avia_inline_auto\" id=\"style-css-av-1qis6-35c18685e5ec8bdd9d7a4fa5f02b33b3\">\n#top .flex_column_table.av-equal-height-column-flextable.av-1qis6-35c18685e5ec8bdd9d7a4fa5f02b33b3{\nmargin-top:0px;\nmargin-bottom:0px;\n}\n.flex_column.av-1qis6-35c18685e5ec8bdd9d7a4fa5f02b33b3{\npadding:0 0 0 0;\n}\n<\/style>\n<div class='flex_column av-1qis6-35c18685e5ec8bdd9d7a4fa5f02b33b3 av_one_half  avia-builder-el-18  el_after_av_one_half  avia-builder-el-last  no_margin flex_column_table_cell av-equal-height-column av-align-middle av-zero-column-padding column-top-margin'     ><\/div><\/div><!--close column table wrapper. Autoclose: 1 -->\n<\/div><\/div><\/div><!-- close content main div --><\/div><\/div><div id='after_section_3'  class='main_color av_default_container_wrap container_wrap sidebar_right'  ><div class='container av-section-cont-open' ><div class='template-page content  av-content-small alpha units'><div class='post-entry post-entry-type-page post-entry-14'><div class='entry-content-wrapper clearfix'>\n","protected":false},"excerpt":{"rendered":"","protected":false},"author":1,"featured_media":0,"parent":0,"menu_order":0,"comment_status":"closed","ping_status":"closed","template":"","meta":{"footnotes":""},"class_list":["post-14","page","type-page","status-publish","hentry"],"_links":{"self":[{"href":"https:\/\/www.reseau-psyexpat.com\/colloque\/wp-json\/wp\/v2\/pages\/14","targetHints":{"allow":["GET"]}}],"collection":[{"href":"https:\/\/www.reseau-psyexpat.com\/colloque\/wp-json\/wp\/v2\/pages"}],"about":[{"href":"https:\/\/www.reseau-psyexpat.com\/colloque\/wp-json\/wp\/v2\/types\/page"}],"author":[{"embeddable":true,"href":"https:\/\/www.reseau-psyexpat.com\/colloque\/wp-json\/wp\/v2\/users\/1"}],"replies":[{"embeddable":true,"href":"https:\/\/www.reseau-psyexpat.com\/colloque\/wp-json\/wp\/v2\/comments?post=14"}],"version-history":[{"count":36,"href":"https:\/\/www.reseau-psyexpat.com\/colloque\/wp-json\/wp\/v2\/pages\/14\/revisions"}],"predecessor-version":[{"id":152,"href":"https:\/\/www.reseau-psyexpat.com\/colloque\/wp-json\/wp\/v2\/pages\/14\/revisions\/152"}],"wp:attachment":[{"href":"https:\/\/www.reseau-psyexpat.com\/colloque\/wp-json\/wp\/v2\/media?parent=14"}],"curies":[{"name":"wp","href":"https:\/\/api.w.org\/{rel}","templated":true}]}}