{"id":24,"date":"2023-03-24T12:52:01","date_gmt":"2023-03-24T11:52:01","guid":{"rendered":"https:\/\/www.reseau-psyexpat.com\/colloque\/?page_id=24"},"modified":"2023-03-27T20:42:00","modified_gmt":"2023-03-27T18:42:00","slug":"contact","status":"publish","type":"page","link":"https:\/\/www.reseau-psyexpat.com\/colloque\/contact\/","title":{"rendered":"CONTACT"},"content":{"rendered":"\n<style type=\"text\/css\" data-created_by=\"avia_inline_auto\" id=\"style-css-av-6m3gw-c04e719ff433584e2251bc3471831c43\">\n.avia-section.av-6m3gw-c04e719ff433584e2251bc3471831c43{\nbackground-repeat:no-repeat;\nbackground-image:url(https:\/\/www.reseau-psyexpat.com\/colloque\/wp-content\/uploads\/2023\/03\/banderau-colloque-psyexpat.jpg);\nbackground-position:50% 100%;\nbackground-attachment:scroll;\nposition:relative;\n}\n.avia-section.av-6m3gw-c04e719ff433584e2251bc3471831c43 .av-section-color-overlay{\nopacity:0.5;\nbackground-image:url(https:\/\/www.reseau-psyexpat.com\/colloque\/wp-content\/themes\/enfold\/images\/background-images\/grunge-big-dark.png);\nbackground-repeat:repeat;\n}\n.avia-section.av-6m3gw-c04e719ff433584e2251bc3471831c43 .avia-divider-svg-bottom svg{\nheight:63px;\nopacity:1;\nwidth:calc(246% + 1.3px);\nfill:#ffffff;\n}\n<\/style>\n<div id='av_section_1'  class='avia-section av-6m3gw-c04e719ff433584e2251bc3471831c43 main_color avia-section-default avia-no-border-styling  avia-builder-el-0  el_before_av_section  avia-builder-el-first  avia-full-stretch avia-bg-style-scroll av-section-color-overlay-active av-minimum-height av-minimum-height-50  container_wrap sidebar_right'  data-section-bg-repeat='stretch' data-av_minimum_height_pc='50'><div class='avia-divider-svg avia-divider-svg-waves avia-divider-svg-bottom avia-to-front avia-svg-original'><svg xmlns=\"http:\/\/www.w3.org\/2000\/svg\" viewBox=\"0 0 1000 100\" preserveAspectRatio=\"none\">\n\t<path d=\"M421.9,6.5c22.6-2.5,51.5,0.4,75.5,5.3c23.6,4.9,70.9,23.5,100.5,35.7c75.8,32.2,133.7,44.5,192.6,49.7\n\tc23.6,2.1,48.7,3.5,103.4-2.5c54.7-6,106.2-25.6,106.2-25.6V0H0v30.3c0,0,72,32.6,158.4,30.5c39.2-0.7,92.8-6.7,134-22.4\n\tc21.2-8.1,52.2-18.2,79.7-24.2C399.3,7.9,411.6,7.5,421.9,6.5z\"\/>\n<\/svg><\/div><div class=\"av-section-color-overlay-wrap\"><div class=\"av-section-color-overlay\"><\/div><div class='container av-section-cont-open' ><main  role=\"main\" itemprop=\"mainContentOfPage\"  class='template-page content  av-content-small alpha units'><div class='post-entry post-entry-type-page post-entry-24'><div class='entry-content-wrapper clearfix'>\n<div class='flex_column av-6cjes-bae8d7c9a5d1bb5fc074d0e76f1edf14 av_one_full  avia-builder-el-1  avia-builder-el-no-sibling  first flex_column_div '     ><style type=\"text\/css\" data-created_by=\"avia_inline_auto\" id=\"style-css-av-5h22s-5212162c5722342cf1fa26364efb1578\">\n#top .av-special-heading.av-5h22s-5212162c5722342cf1fa26364efb1578{\npadding-bottom:10px;\ncolor:#364152;\nfont-size:4vw;\n}\nbody .av-special-heading.av-5h22s-5212162c5722342cf1fa26364efb1578 .av-special-heading-tag .heading-char{\nfont-size:25px;\n}\n#top #wrap_all .av-special-heading.av-5h22s-5212162c5722342cf1fa26364efb1578 .av-special-heading-tag{\nfont-size:4vw;\n}\n.av-special-heading.av-5h22s-5212162c5722342cf1fa26364efb1578 .special-heading-inner-border{\nborder-color:#364152;\n}\n.av-special-heading.av-5h22s-5212162c5722342cf1fa26364efb1578 .av-subheading{\nfont-size:28px;\ncolor:#fec700;\n}\n\n@media only screen and (min-width: 480px) and (max-width: 767px){ \n#top #wrap_all .av-special-heading.av-5h22s-5212162c5722342cf1fa26364efb1578 .av-special-heading-tag{\nfont-size:0.8em;\n}\n}\n\n@media only screen and (max-width: 479px){ \n#top #wrap_all .av-special-heading.av-5h22s-5212162c5722342cf1fa26364efb1578 .av-special-heading-tag{\nfont-size:0.8em;\n}\n}\n<\/style>\n<div  class='av-special-heading av-5h22s-5212162c5722342cf1fa26364efb1578 av-special-heading-h1 custom-color-heading blockquote modern-quote modern-centered  avia-builder-el-2  avia-builder-el-no-sibling  av-inherit-size'><div class='av_custom_color av-subheading av-subheading_above'><p>5\u00e8me rencontre<\/p>\n<\/div><h1 class='av-special-heading-tag'  itemprop=\"headline\"  >Contact<\/h1><div class=\"special-heading-border\"><div class=\"special-heading-inner-border\"><\/div><\/div><\/div><\/div>\n\n<\/div><\/div><\/main><!-- close content main element --><\/div><\/div><\/div><div id='av_section_2'  class='avia-section av-57kso-b37291839a9b0f24b774a96b79d7bdd1 main_color avia-section-default avia-no-border-styling  avia-builder-el-3  el_after_av_section  avia-builder-el-last  avia-bg-style-scroll container_wrap sidebar_right'  ><div class='container av-section-cont-open' ><div class='template-page content  av-content-small alpha units'><div class='post-entry post-entry-type-page post-entry-24'><div class='entry-content-wrapper clearfix'>\n<div class='flex_column_table av-4re2w-fdbf11fcb3a895c76d248922c3f10268 sc-av_one_full av-equal-height-column-flextable'>\n<style type=\"text\/css\" data-created_by=\"avia_inline_auto\" id=\"style-css-av-4re2w-fdbf11fcb3a895c76d248922c3f10268\">\n.flex_column.av-4re2w-fdbf11fcb3a895c76d248922c3f10268{\npadding:40px 40px 40px 40px;\nbackground-color:#bdccf8;\n}\n<\/style>\n<div class='flex_column av-4re2w-fdbf11fcb3a895c76d248922c3f10268 av_one_full  avia-builder-el-4  avia-builder-el-no-sibling  first no_margin flex_column_table_cell av-equal-height-column av-align-middle '     ><style type=\"text\/css\" data-created_by=\"avia_inline_auto\" id=\"style-css-av-414bo-15af2910e73a6cddeab38d26afc7567d\">\n#top .av_textblock_section.av-414bo-15af2910e73a6cddeab38d26afc7567d .avia_textblock{\ncolor:#ffffff;\n}\n<\/style>\n<section  class='av_textblock_section av-414bo-15af2910e73a6cddeab38d26afc7567d'  itemscope=\"itemscope\" itemtype=\"https:\/\/schema.org\/CreativeWork\" ><div class='avia_textblock av_inherit_color'  itemprop=\"text\" ><h3>CONTACT R\u00c9SEAU PSYEXPAT<\/h3>\n<p>Vous pouvez nous contacter en remplissant le formulaire .<\/p>\n<\/div><\/section><br \/>\n<form action=\"https:\/\/www.reseau-psyexpat.com\/colloque\/contact\/\" method=\"post\"  class=\"avia_ajax_form av-form-labels-visible   avia-builder-el-6  el_after_av_textblock  avia-builder-el-last   \" data-avia-form-id=\"1\" data-avia-redirect='' ><h3 class=''>Envoyez-nous un mail<\/h3><fieldset><p class='  first_form  form_element form_fullwidth' id='element_avia_1_1'><label for=\"avia_1_1\">Nom <abbr class=\"required\" title=\"requis(e)\">*<\/abbr><\/label> <input name=\"avia_1_1\" class=\"text_input is_empty\" type=\"text\" id=\"avia_1_1\" value=\"\" \/><\/p><p class='  first_form  form_element form_fullwidth' id='element_avia_2_1'><label for=\"avia_2_1\">E-Mail <abbr class=\"required\" title=\"requis(e)\">*<\/abbr><\/label> <input name=\"avia_2_1\" class=\"text_input is_email\" type=\"text\" id=\"avia_2_1\" value=\"\" \/><\/p><p class='  first_form  form_element form_fullwidth' id='element_avia_3_1'><label for=\"avia_3_1\">Sujet <abbr class=\"required\" title=\"requis(e)\">*<\/abbr><\/label> <input name=\"avia_3_1\" class=\"text_input is_empty\" type=\"text\" id=\"avia_3_1\" value=\"\" \/><\/p><p class='  first_form  form_element form_fullwidth' id='element_avia_4_1'><label for=\"avia_4_1\" class=\"textare_label hidden textare_label_avia_4_1\">Message <abbr class=\"required\" title=\"requis(e)\">*<\/abbr><\/label><textarea  name=\"avia_4_1\" class=\"text_area is_empty\" cols=\"40\" rows=\"7\" id=\"avia_4_1\" ><\/textarea><\/p><p class=\"hidden\"><input type=\"text\" name=\"avia_5_1\" class=\"hidden \" id=\"avia_5_1\" value=\"\" \/><\/p><p class=' av_form_privacy_check av_contact_privacy_check first_form  form_element form_fullwidth' id='element_avia_6_1'><input  name=\"avia_6_1\" class=\"input_checkbox is_empty\" type=\"checkbox\" id=\"avia_6_1\" value=\"true\"\/><label class=\"input_checkbox_label\" for=\"avia_6_1\">J'accepte les conditions g\u00e9n\u00e9rales expos\u00e9es dans la <a href='https:\/\/www.reseau-psyexpat.com\/colloque\/?page_id=3' target='_blank'>politique de confidentialit\u00e9<\/a> <abbr class=\"required\" title=\"requis(e)\">*<\/abbr><\/label><\/p><p class=\"form_element \"><input type=\"hidden\" value=\"1\" name=\"avia_generated_form1\" \/><input type=\"submit\" value=\"Valider\" class=\"button\"  data-sending-label=\"Envoi\"\/><\/p><\/fieldset><\/form><div id=\"ajaxresponse_1\" class=\"ajaxresponse ajaxresponse_1 hidden\"><\/div><\/p><\/div><\/div><!--close column table wrapper. Autoclose: 1 --><\/div><\/div><\/div><!-- close content main div --><\/div><\/div><div id='after_section_2'  class='main_color av_default_container_wrap container_wrap sidebar_right'  ><div class='container av-section-cont-open' ><div class='template-page content  av-content-small alpha units'><div class='post-entry post-entry-type-page post-entry-24'><div class='entry-content-wrapper clearfix'>\n","protected":false},"excerpt":{"rendered":"","protected":false},"author":1,"featured_media":0,"parent":0,"menu_order":0,"comment_status":"closed","ping_status":"closed","template":"","meta":{"footnotes":""},"class_list":["post-24","page","type-page","status-publish","hentry"],"_links":{"self":[{"href":"https:\/\/www.reseau-psyexpat.com\/colloque\/wp-json\/wp\/v2\/pages\/24","targetHints":{"allow":["GET"]}}],"collection":[{"href":"https:\/\/www.reseau-psyexpat.com\/colloque\/wp-json\/wp\/v2\/pages"}],"about":[{"href":"https:\/\/www.reseau-psyexpat.com\/colloque\/wp-json\/wp\/v2\/types\/page"}],"author":[{"embeddable":true,"href":"https:\/\/www.reseau-psyexpat.com\/colloque\/wp-json\/wp\/v2\/users\/1"}],"replies":[{"embeddable":true,"href":"https:\/\/www.reseau-psyexpat.com\/colloque\/wp-json\/wp\/v2\/comments?post=24"}],"version-history":[{"count":11,"href":"https:\/\/www.reseau-psyexpat.com\/colloque\/wp-json\/wp\/v2\/pages\/24\/revisions"}],"predecessor-version":[{"id":112,"href":"https:\/\/www.reseau-psyexpat.com\/colloque\/wp-json\/wp\/v2\/pages\/24\/revisions\/112"}],"wp:attachment":[{"href":"https:\/\/www.reseau-psyexpat.com\/colloque\/wp-json\/wp\/v2\/media?parent=24"}],"curies":[{"name":"wp","href":"https:\/\/api.w.org\/{rel}","templated":true}]}}